{"id":19,"date":"2023-06-22T18:58:49","date_gmt":"2023-06-22T16:58:49","guid":{"rendered":"http:\/\/angeleluccatio.fr\/?page_id=19"},"modified":"2023-07-02T17:32:07","modified_gmt":"2023-07-02T15:32:07","slug":"mentions-legales","status":"publish","type":"page","link":"https:\/\/angeleluccatio.fr\/index.php\/mentions-legales\/","title":{"rendered":"Mentions l\u00e9gales et politiques de confidentialit\u00e9"},"content":{"rendered":"\t\t<div data-elementor-type=\"wp-page\" data-elementor-id=\"19\" class=\"elementor elementor-19\">\n\t\t\t\t\t\t<section class=\"elementor-section elementor-top-section elementor-element elementor-element-afd0ffa elementor-section-boxed elementor-section-height-default elementor-section-height-default\" data-id=\"afd0ffa\" data-element_type=\"section\" data-e-type=\"section\">\n\t\t\t\t\t\t<div class=\"elementor-container elementor-column-gap-default\">\n\t\t\t\t\t<div class=\"elementor-column elementor-col-100 elementor-top-column elementor-element elementor-element-bfd7305\" data-id=\"bfd7305\" data-element_type=\"column\" data-e-type=\"column\">\n\t\t\t<div class=\"elementor-widget-wrap elementor-element-populated\">\n\t\t\t\t\t\t<div class=\"elementor-element elementor-element-e268c24 elementor-widget elementor-widget-heading\" data-id=\"e268c24\" data-element_type=\"widget\" data-e-type=\"widget\" data-widget_type=\"heading.default\">\n\t\t\t\t<div class=\"elementor-widget-container\">\n\t\t\t\t\t<h2 class=\"elementor-heading-title elementor-size-default\">R\u00e9dactions des mentions l\u00e9gales et politiques de confidentialit\u00e9\n<\/h2>\t\t\t\t<\/div>\n\t\t\t\t<\/div>\n\t\t\t\t<div class=\"elementor-element elementor-element-0059c1b elementor-widget elementor-widget-spacer\" data-id=\"0059c1b\" data-element_type=\"widget\" data-e-type=\"widget\" data-widget_type=\"spacer.default\">\n\t\t\t\t<div class=\"elementor-widget-container\">\n\t\t\t\t\t\t\t<div class=\"elementor-spacer\">\n\t\t\t<div class=\"elementor-spacer-inner\"><\/div>\n\t\t<\/div>\n\t\t\t\t\t\t<\/div>\n\t\t\t\t<\/div>\n\t\t\t\t<div class=\"elementor-element elementor-element-5949097 elementor-widget elementor-widget-text-editor\" data-id=\"5949097\" data-element_type=\"widget\" data-e-type=\"widget\" data-widget_type=\"text-editor.default\">\n\t\t\t\t<div class=\"elementor-widget-container\">\n\t\t\t\t\t\t\t\t\t<p>Propri\u00e9taire : Ang\u00e8le Luccatio \u2013 109 rue du XX\u00e8me Si\u00e8cle, 59160 Lomme<br \/>Siren : 903483121<br \/>Num\u00e9ro de TVA : T.V.A. non applicable, art. 293 B du CGI<br \/>Cr\u00e9atrice : Ang\u00e8le Luccatio<br \/>Responsable publication : Ang\u00e8le Luccatio \u2013 angele.luccatio@gmail.com<br \/>La responsable de publication est une personne physique ou une personne morale.<br \/>Webmaster : Ang\u00e8le Luccatio \u2013 angele.luccatio@gmail.com<\/p><p><strong>H\u00c9BERGEUR<\/strong><br \/>OVH Cloud<br \/>RCS Lille M\u00e9tropole 424 761 419 00045<br \/>Code APE 2620Z<br \/>N\u00b0 TVA : FR 22 424 761 419<br \/>Si\u00e8ge social : 2 rue Kellermann \u2013 59100 Roubaix \u2013 France<br \/><br \/><strong>POLITIQUE DE CONFIDENTIALIT\u00c9 ET UTILISATION DES DONN\u00c9ES PERSONNELLES EN VIGUEUR DEPUIS LE 25 MAI 2018<br \/><\/strong>L\u2019utilisation du site angele.luccatio@gmail.com implique l\u2019acceptation pleine et enti\u00e8re des conditions g\u00e9n\u00e9rales d\u2019utilisation ci-apr\u00e8s d\u00e9crites. Ces conditions d\u2019utilisation sont susceptibles d\u2019\u00eatre modifi\u00e9es ou compl\u00e9t\u00e9es \u00e0 tout moment, les utilisateurs du site angeleluccatio-designstudio.fr sont donc invit\u00e9s \u00e0 les consulter de mani\u00e8re r\u00e9guli\u00e8re.<\/p><p>Ce site est normalement accessible \u00e0 tout moment aux utilisateurs. Une interruption pour raison de maintenance technique peut \u00eatre toutefois d\u00e9cid\u00e9e par Ang\u00e8le Luccatio, qui s\u2019efforcera alors de communiquer pr\u00e9alablement aux utilisateurs les dates et heures de l\u2019intervention.<\/p><p>Le site angele.luccatio@gmail.com est mis \u00e0 jour r\u00e9guli\u00e8rement par Ang\u00e8le Luccatio. De la m\u00eame fa\u00e7on, les mentions l\u00e9gales peuvent \u00eatre modifi\u00e9es \u00e0 tout moment : elles s\u2019imposent n\u00e9anmoins \u00e0 l\u2019utilisateur qui est invit\u00e9 \u00e0 s\u2019y r\u00e9f\u00e9rer le plus souvent possible afin d\u2019en prendre connaissance.<br \/><br \/><strong>DESCRIPTION DES SERVICES FOURNIS<br \/><\/strong>Le site angele.luccatio@gmail.com a pour objet de fournir une information concernant l\u2019ensemble des activit\u00e9s de la soci\u00e9t\u00e9.<br \/>Ang\u00e8le Luccatio s\u2019efforce de fournir sur le site angele.luccatio@gmail.com des informations aussi pr\u00e9cises que possible. Toutefois, elle ne pourra \u00eatre tenue responsable des omissions, des inexactitudes et des carences dans la mise \u00e0 jour, qu\u2019elles soient de son fait ou du fait des tiers partenaires qui lui fournissent ces informations.<\/p><p>Toutes les informations indiqu\u00e9es sur le site angele.luccatio@gmail.com sont donn\u00e9es \u00e0 titre indicatif, et sont susceptibles d\u2019\u00e9voluer. Par ailleurs, les renseignements figurant sur le site angele.luccatio@gmail.com ne sont pas exhaustifs. Ils sont donn\u00e9s sous r\u00e9serve de modifications ayant \u00e9t\u00e9 apport\u00e9es depuis leur mise en ligne.<br \/><br \/><strong>LIMITATIONS CONTRACTUELLES SUR LES DONN\u00c9ES TECHNIQUES<br \/><\/strong>Le site utilise la technologie JavaScript.<\/p><p>Le site Internet ne pourra \u00eatre tenu responsable de dommages mat\u00e9riels li\u00e9s \u00e0 l\u2019utilisation du site. De plus, l\u2019utilisateur du site s\u2019engage \u00e0 acc\u00e9der au site en utilisant un mat\u00e9riel r\u00e9cent, ne contenant pas de virus et avec un navigateur de derni\u00e8re g\u00e9n\u00e9ration d\u00fbment mis \u00e0 jour.<\/p><p><strong>PROPRI\u00c9T\u00c9 INTELLECTUELLE ET CONTREFA\u00c7ONS<br \/><\/strong>Ang\u00e8le Luccatio est propri\u00e9taire des droits de propri\u00e9t\u00e9 intellectuelle ou d\u00e9tient les droits d\u2019usage sur tous les \u00e9l\u00e9ments accessibles sur le site, notamment les textes, images, graphismes, logos, ic\u00f4nes, sons, logiciels. Certains de ces \u00e9l\u00e9ments sont des ressources libres de droits.<\/p><p>Toute reproduction, repr\u00e9sentation, modification, publication, adaptation de tout ou partie des \u00e9l\u00e9ments du site, quel que soit le moyen ou le proc\u00e9d\u00e9 utilis\u00e9, est interdite, sauf autorisation \u00e9crite pr\u00e9alable de Ang\u00e8le Luccatio.<\/p><p>Toute exploitation non autoris\u00e9e du site ou de l\u2019un de ses \u00e9l\u00e9ments sera consid\u00e9r\u00e9e comme constitutive d\u2019une contrefa\u00e7on et poursuivie conform\u00e9ment aux dispositions l\u00e9gales Fran\u00e7aise du Code de Propri\u00e9t\u00e9 Intellectuelle.<\/p><p><strong>LIMITATIONS DE RESPONSABILIT\u00c9<br \/><\/strong>Ang\u00e8le Luccatio ne pourra \u00eatre tenue responsable des dommages directs et indirects caus\u00e9s au mat\u00e9riel de l\u2019utilisateur, lors de l\u2019acc\u00e8s au site angele.luccatio@gmail.com, et r\u00e9sultant soit de l\u2019utilisation d\u2019un mat\u00e9riel ne r\u00e9pondant pas aux sp\u00e9cifications indiqu\u00e9es au point 4, soit de l\u2019apparition d\u2019un bug ou d\u2019une incompatibilit\u00e9.<\/p><p>Ang\u00e8le Luccatio ne pourra \u00e9galement \u00eatre tenue responsable des dommages indirects (par exemple, une perte de march\u00e9) cons\u00e9cutifs \u00e0 l\u2019utilisation du site angele.luccatio@gmail.com.<\/p><p>Des espaces interactifs (possibilit\u00e9 de poser des questions dans l\u2019espace contact) sont \u00e0 la disposition des utilisateurs. Ang\u00e8le Luccatio se r\u00e9serve le droit de supprimer, sans mise en demeure pr\u00e9alable, tout contenu d\u00e9pos\u00e9 dans cet espace qui contreviendrait \u00e0 la l\u00e9gislation applicable en France, en particulier aux dispositions relatives \u00e0 la protection des donn\u00e9es. Le cas \u00e9ch\u00e9ant, Ang\u00e8le Luccatio se r\u00e9serve \u00e9galement la possibilit\u00e9 de mettre en cause la responsabilit\u00e9 civile et\/ou p\u00e9nale de l\u2019utilisateur, notamment en cas de message \u00e0 caract\u00e8re raciste, injurieux, diffamant, ou pornographique, quel que soit le support utilis\u00e9 (texte, photographie\u2026).<\/p><p><strong>DONN\u00c9ES PERSONNELLES &amp; COOKIES<br \/><\/strong>L\u2019utilisateur est inform\u00e9 que lors de ses visites sur ce site Internet, un ou des cookies sont susceptibles de s\u2019installer automatiquement sur son ordinateur.<\/p><p>Un cookie est un fichier de petite taille qui enregistre des informations relatives \u00e0 la navigation d\u2019un ordinateur sur un site. Les donn\u00e9es ainsi obtenues visent \u00e0 faciliter la navigation ult\u00e9rieure sur le site, et ont \u00e9galement vocation \u00e0 permettre diverses mesures de fr\u00e9quentation.<\/p><p>Il existe diff\u00e9rents logiciels \u00ab anti-espions \u00bb, qui emp\u00eachent l\u2019installation des cookies d\u2019analyse d\u2019audience, et bien d\u2019autres encore. La CNIL indique quelles solutions sont disponibles avec votre navigateur, dans son article \u00ab Cookies : les outils pour les ma\u00eetriser \u00bb.<\/p><p><strong>COMMENTAIRES<br \/><\/strong>Ce site autorise les visiteurs \u00e0 commenter les articles du blog.<br \/>Quand un commentaire est laiss\u00e9 sur ce site Internet, les donn\u00e9es inscrites dans le formulaire de commentaire, mais aussi votre adresse IP et l\u2019agent utilisateur de votre navigateur sont collect\u00e9es pour aider \u00e0 la d\u00e9tection des commentaires ind\u00e9sirables.<\/p><p><strong>DROIT DE R\u00c9PONSE<br \/><\/strong>Tout utilisateur de ce site dispose d\u2019un droit de r\u00e9ponse. Le demandeur dispose d\u2019un d\u00e9lai de 3 mois \u00e0 compter de la publication du message pour solliciter ce droit de r\u00e9ponse.<br \/>Pour exercer ce droit de r\u00e9ponse, vous pouvez le faire via un commentaire ou par e-mail : <a href=\"mailto:angele.luccatio@gmail.com\">angele.luccatio@gmail.com<\/a><\/p><p><strong>FORMULAIRES CONTACT ET QUESTIONNAIRES<br \/><\/strong>Les informations recueillies (nom, email, messages et informations) sur les formulaires du site sont enregistr\u00e9es dans des fichiers informatis\u00e9s.<br \/>Ils sont uniquement destin\u00e9s \u00e0 l\u2019usage professionnel de Ang\u00e8le Luccatio pour :<br \/>La gestion de demande client\u00e8le depuis le formulaire de \u00ab contact \u00bb sur la page correspondante,<br \/>La pr\u00e9paration de cr\u00e9ation de projets depuis le formulaire \u00ab questionnaire \u00bb dont le lien est fourni aux clients ayant command\u00e9 les services de Ang\u00e8le Luccatio.<\/p><p><strong>CONTENU EMBARQU\u00c9 DEPUIS D\u2019AUTRES SITES<br \/><\/strong>Les articles de ce site peuvent inclure des contenus int\u00e9gr\u00e9s (par exemple des vid\u00e9os YouTube, plan googlemap, images, articles\u2026). Le contenu int\u00e9gr\u00e9 depuis d\u2019autres sites se comporte de la m\u00eame mani\u00e8re que si le visiteur se rendait sur cet autre site.<br \/>Ces sites web pourraient collecter des donn\u00e9es sur vous, utiliser des cookies, embarquer des outils de suivis tiers, suivre vos interactions avec ces contenus embarqu\u00e9s si vous disposez d\u2019un compte connect\u00e9 sur leur site web.<\/p><p><strong>STATISTIQUES ET MESURES D\u2019AUDIENCE<br \/><\/strong>J\u2019utilise un outil principal dans le but de connaitre certaines statistiques comme le nombre de visites sur le site www.angeleluccatio-designstudio.fr, par exemple. Ces indications permettent de savoir si le contenu propos\u00e9 sur www.angeleluccatio-designstudio.fr plait \u00e0 son audience. L\u2019outil utilis\u00e9 est : Google Analytics : vous pouvez consulter la politique de confidentialit\u00e9 de Google Analytics \u00e0 cette adresse.<\/p><p><strong>DUR\u00c9E DE STOCKAGE DE VOS DONN\u00c9ES<\/strong><br \/>Les donn\u00e9es d\u2019inscription et de formulaires sont conserv\u00e9es pendant 36 mois conform\u00e9ment au r\u00e8glement du Parlement europ\u00e9en.<br \/>Si vous laissez un commentaire, le commentaire et ses m\u00e9tadonn\u00e9es sont conserv\u00e9s ind\u00e9finiment. Cela permet de reconna\u00eetre et approuver automatiquement les commentaires suivants au lieu de les laisser dans la file de mod\u00e9ration.<br \/>Pour les utilisateurs et utilisatrices qui s\u2019enregistrent sur www.angeleluccatio-designstudio.fr (si cela est possible), nous stockons \u00e9galement les donn\u00e9es personnelles indiqu\u00e9es dans leur profil. Tous les utilisateurs.ices peuvent voir, modifier ou supprimer leurs informations personnelles \u00e0 tout moment (\u00e0 l\u2019exception de leur nom d\u2019utilisateur\u00b7ice). Les gestionnaires du site peuvent aussi voir et modifier ces informations.<\/p><p><strong>TRANSMISSION DE VOS DONN\u00c9ES PERSONNELLES<br \/><\/strong>Les commentaires des visiteurs de www.angeleluccatio-designstudio.fr peuvent \u00eatre v\u00e9rifi\u00e9s \u00e0 l\u2019aide d\u2019un service automatis\u00e9 de d\u00e9tection des commentaires ind\u00e9sirables.<br \/><br \/><strong>S\u00c9CURIT\u00c9 DES DONN\u00c9ES<\/strong><br \/>Conform\u00e9ment au r\u00e8glement du Parlement europ\u00e9en Article 32 de la s\u00e9curit\u00e9 des donn\u00e9es et aux dispositions de la loi du 1er juillet 1998 transposant la directive 96\/9 du 11 mars 1996 relative \u00e0 la protection juridique des bases de donn\u00e9es, des mesures de s\u00e9curit\u00e9 informatique ont \u00e9t\u00e9 mises en place.<\/p><p>Le site Internet et la base de donn\u00e9es sont s\u00e9curis\u00e9s par l\u2019h\u00e9bergement OVH.<\/p><p>La base de donn\u00e9es de la liste de diffusion de la newsletter est s\u00e9curis\u00e9e par Mailchimp directement.<br \/><br \/><strong>DROITS SUR VOS DONN\u00c9ES PERSONNELLES<\/strong><br \/>Pour exercer votre droit d\u2019acc\u00e8s, de rectification et de suppression concernant vos donn\u00e9es personnelles, vous pouvez \u00e9crire \u00e0 :<\/p><p>Courriel : <a href=\"mailto:angele.luccatio@gmail.com\">angele.luccatio@gmail.com<\/a><br \/>Section du site web : https:\/\/www.angeleluccatio.fr\/contact\/<\/p><p>Adresse postale : Ang\u00e8le Luccatio, 109 rue du XX\u00e8me si\u00e8cle, N\u00b021, 59160 Lomme<\/p><p>Si vous avez un compte, r\u00e9alisez des commandes sur l\u2019eshop ou si vous avez laiss\u00e9 des commentaires sur le site, vous pouvez demander \u00e0 recevoir un fichier contenant toutes les donn\u00e9es personnelles que nous poss\u00e9dons \u00e0 votre sujet, incluant celles que vous nous avez fournies. Vous pouvez \u00e9galement demander la suppression des donn\u00e9es personnelles vous concernant. Cela ne prend pas en compte les donn\u00e9es stock\u00e9es \u00e0 des fins administratives, l\u00e9gales ou pour des raisons de s\u00e9curit\u00e9.<\/p><p>En France, les donn\u00e9es personnelles sont prot\u00e9g\u00e9es par la loi n\u00b0 78-87 du 6 janvier 1978, la loi n\u00b0 2004-801 du 6 ao\u00fbt 2004, l\u2019article L. 226-13 du Code p\u00e9nal et la Directive Europ\u00e9enne du 24 octobre 1995. Vous disposez d\u2019un droit d\u2019acc\u00e8s, de rectification, de suppression et d\u2019opposition aux donn\u00e9es personnelles le concernant (conform\u00e9ment \u00e0 la Loi Informatique et Libert\u00e9s aux dispositions des articles 38 et suivant de la loi 78-17 du 6 janvier 1978 relative \u00e0 l\u2019informatique, aux fichiers et aux libert\u00e9s).<\/p><p><strong>\u00a0<\/strong><\/p>\t\t\t\t\t\t\t\t<\/div>\n\t\t\t\t<\/div>\n\t\t\t\t\t<\/div>\n\t\t<\/div>\n\t\t\t\t\t<\/div>\n\t\t<\/section>\n\t\t\t\t<\/div>\n\t\t\n    <div class=\"xs_social_share_widget xs_share_url after_content \t\tmain_content  wslu-style-1 wslu-share-box-shaped wslu-fill-colored wslu-none wslu-share-horizontal wslu-theme-font-no wslu-main_content\">\n\n\t\t\n        <ul>\n\t\t\t        <\/ul>\n    <\/div> \n","protected":false},"excerpt":{"rendered":"<p>R\u00e9dactions des mentions l\u00e9gales et politiques de confidentialit\u00e9 Propri\u00e9taire : Ang\u00e8le Luccatio \u2013 109 rue du XX\u00e8me Si\u00e8cle, 59160 Lomme Siren : 903483121 Num\u00e9ro de TVA : T.V.A. non applicable, art. 293 B du CGI Cr\u00e9atrice : Ang\u00e8le Luccatio Responsable publication : Ang\u00e8le Luccatio \u2013 angele.luccatio@gmail.com La responsable de publication est une personne physique ou [&hellip;]<\/p>\n","protected":false},"author":1,"featured_media":0,"parent":0,"menu_order":0,"comment_status":"closed","ping_status":"closed","template":"","meta":{"postBodyCss":"","postBodyMargin":[],"postBodyPadding":[],"postBodyBackground":{"backgroundType":"classic","gradient":""},"footnotes":""},"class_list":["post-19","page","type-page","status-publish","hentry","entry"],"yoast_head":"<!-- This site is optimized with the Yoast SEO plugin v27.4 - https:\/\/yoast.com\/product\/yoast-seo-wordpress\/ -->\n<title>Mentions l\u00e9gales et politiques de confidentialit\u00e9 - Ang\u00e8le Luccatio Design Studio<\/title>\n<meta name=\"robots\" content=\"index, follow, max-snippet:-1, max-image-preview:large, max-video-preview:-1\" \/>\n<link rel=\"canonical\" href=\"https:\/\/angeleluccatio.fr\/index.php\/mentions-legales\/\" \/>\n<meta property=\"og:locale\" content=\"fr_FR\" \/>\n<meta property=\"og:type\" content=\"article\" \/>\n<meta property=\"og:title\" content=\"Mentions l\u00e9gales et politiques de confidentialit\u00e9 - Ang\u00e8le Luccatio Design Studio\" \/>\n<meta property=\"og:description\" content=\"R\u00e9dactions des mentions l\u00e9gales et politiques de confidentialit\u00e9 Propri\u00e9taire : Ang\u00e8le Luccatio \u2013 109 rue du XX\u00e8me Si\u00e8cle, 59160 Lomme Siren : 903483121 Num\u00e9ro de TVA : T.V.A. non applicable, art. 293 B du CGI Cr\u00e9atrice : Ang\u00e8le Luccatio Responsable publication : Ang\u00e8le Luccatio \u2013 angele.luccatio@gmail.com La responsable de publication est une personne physique ou [&hellip;]\" \/>\n<meta property=\"og:url\" content=\"https:\/\/angeleluccatio.fr\/index.php\/mentions-legales\/\" \/>\n<meta property=\"og:site_name\" content=\"Ang\u00e8le Luccatio Design Studio\" \/>\n<meta property=\"article:modified_time\" content=\"2023-07-02T15:32:07+00:00\" \/>\n<meta name=\"twitter:card\" content=\"summary_large_image\" \/>\n<meta name=\"twitter:label1\" content=\"Dur\u00e9e de lecture estim\u00e9e\" \/>\n\t<meta name=\"twitter:data1\" content=\"8 minutes\" \/>\n<script type=\"application\/ld+json\" class=\"yoast-schema-graph\">{\"@context\":\"https:\\\/\\\/schema.org\",\"@graph\":[{\"@type\":\"WebPage\",\"@id\":\"https:\\\/\\\/angeleluccatio.fr\\\/index.php\\\/mentions-legales\\\/\",\"url\":\"https:\\\/\\\/angeleluccatio.fr\\\/index.php\\\/mentions-legales\\\/\",\"name\":\"Mentions l\u00e9gales et politiques de confidentialit\u00e9 - Ang\u00e8le Luccatio Design Studio\",\"isPartOf\":{\"@id\":\"https:\\\/\\\/angeleluccatio.fr\\\/#website\"},\"datePublished\":\"2023-06-22T16:58:49+00:00\",\"dateModified\":\"2023-07-02T15:32:07+00:00\",\"breadcrumb\":{\"@id\":\"https:\\\/\\\/angeleluccatio.fr\\\/index.php\\\/mentions-legales\\\/#breadcrumb\"},\"inLanguage\":\"fr-FR\",\"potentialAction\":[{\"@type\":\"ReadAction\",\"target\":[\"https:\\\/\\\/angeleluccatio.fr\\\/index.php\\\/mentions-legales\\\/\"]}]},{\"@type\":\"BreadcrumbList\",\"@id\":\"https:\\\/\\\/angeleluccatio.fr\\\/index.php\\\/mentions-legales\\\/#breadcrumb\",\"itemListElement\":[{\"@type\":\"ListItem\",\"position\":1,\"name\":\"Accueil\",\"item\":\"https:\\\/\\\/angeleluccatio.fr\\\/\"},{\"@type\":\"ListItem\",\"position\":2,\"name\":\"Mentions l\u00e9gales et politiques de confidentialit\u00e9\"}]},{\"@type\":\"WebSite\",\"@id\":\"https:\\\/\\\/angeleluccatio.fr\\\/#website\",\"url\":\"https:\\\/\\\/angeleluccatio.fr\\\/\",\"name\":\"Ang\u00e8le Luccatio Design Studio\",\"description\":\"Nous racontons graphiquement vos histoires\",\"publisher\":{\"@id\":\"https:\\\/\\\/angeleluccatio.fr\\\/#\\\/schema\\\/person\\\/22a7c50f348698462d23730c59ff9839\"},\"potentialAction\":[{\"@type\":\"SearchAction\",\"target\":{\"@type\":\"EntryPoint\",\"urlTemplate\":\"https:\\\/\\\/angeleluccatio.fr\\\/?s={search_term_string}\"},\"query-input\":{\"@type\":\"PropertyValueSpecification\",\"valueRequired\":true,\"valueName\":\"search_term_string\"}}],\"inLanguage\":\"fr-FR\"},{\"@type\":[\"Person\",\"Organization\"],\"@id\":\"https:\\\/\\\/angeleluccatio.fr\\\/#\\\/schema\\\/person\\\/22a7c50f348698462d23730c59ff9839\",\"name\":\"admin9796\",\"image\":{\"@type\":\"ImageObject\",\"inLanguage\":\"fr-FR\",\"@id\":\"https:\\\/\\\/angeleluccatio.fr\\\/wp-content\\\/uploads\\\/2026\\\/01\\\/cropped-LOGOTYPES-ANGELE-LUCCATIO-DESIGN-STUDIO-104-scaled-1.png\",\"url\":\"https:\\\/\\\/angeleluccatio.fr\\\/wp-content\\\/uploads\\\/2026\\\/01\\\/cropped-LOGOTYPES-ANGELE-LUCCATIO-DESIGN-STUDIO-104-scaled-1.png\",\"contentUrl\":\"https:\\\/\\\/angeleluccatio.fr\\\/wp-content\\\/uploads\\\/2026\\\/01\\\/cropped-LOGOTYPES-ANGELE-LUCCATIO-DESIGN-STUDIO-104-scaled-1.png\",\"width\":2558,\"height\":702,\"caption\":\"admin9796\"},\"logo\":{\"@id\":\"https:\\\/\\\/angeleluccatio.fr\\\/wp-content\\\/uploads\\\/2026\\\/01\\\/cropped-LOGOTYPES-ANGELE-LUCCATIO-DESIGN-STUDIO-104-scaled-1.png\"},\"sameAs\":[\"http:\\\/\\\/angeleluccatio.fr\"]}]}<\/script>\n<!-- \/ Yoast SEO plugin. -->","yoast_head_json":{"title":"Mentions l\u00e9gales et politiques de confidentialit\u00e9 - Ang\u00e8le Luccatio Design Studio","robots":{"index":"index","follow":"follow","max-snippet":"max-snippet:-1","max-image-preview":"max-image-preview:large","max-video-preview":"max-video-preview:-1"},"canonical":"https:\/\/angeleluccatio.fr\/index.php\/mentions-legales\/","og_locale":"fr_FR","og_type":"article","og_title":"Mentions l\u00e9gales et politiques de confidentialit\u00e9 - Ang\u00e8le Luccatio Design Studio","og_description":"R\u00e9dactions des mentions l\u00e9gales et politiques de confidentialit\u00e9 Propri\u00e9taire : Ang\u00e8le Luccatio \u2013 109 rue du XX\u00e8me Si\u00e8cle, 59160 Lomme Siren : 903483121 Num\u00e9ro de TVA : T.V.A. non applicable, art. 293 B du CGI Cr\u00e9atrice : Ang\u00e8le Luccatio Responsable publication : Ang\u00e8le Luccatio \u2013 angele.luccatio@gmail.com La responsable de publication est une personne physique ou [&hellip;]","og_url":"https:\/\/angeleluccatio.fr\/index.php\/mentions-legales\/","og_site_name":"Ang\u00e8le Luccatio Design Studio","article_modified_time":"2023-07-02T15:32:07+00:00","twitter_card":"summary_large_image","twitter_misc":{"Dur\u00e9e de lecture estim\u00e9e":"8 minutes"},"schema":{"@context":"https:\/\/schema.org","@graph":[{"@type":"WebPage","@id":"https:\/\/angeleluccatio.fr\/index.php\/mentions-legales\/","url":"https:\/\/angeleluccatio.fr\/index.php\/mentions-legales\/","name":"Mentions l\u00e9gales et politiques de confidentialit\u00e9 - Ang\u00e8le Luccatio Design Studio","isPartOf":{"@id":"https:\/\/angeleluccatio.fr\/#website"},"datePublished":"2023-06-22T16:58:49+00:00","dateModified":"2023-07-02T15:32:07+00:00","breadcrumb":{"@id":"https:\/\/angeleluccatio.fr\/index.php\/mentions-legales\/#breadcrumb"},"inLanguage":"fr-FR","potentialAction":[{"@type":"ReadAction","target":["https:\/\/angeleluccatio.fr\/index.php\/mentions-legales\/"]}]},{"@type":"BreadcrumbList","@id":"https:\/\/angeleluccatio.fr\/index.php\/mentions-legales\/#breadcrumb","itemListElement":[{"@type":"ListItem","position":1,"name":"Accueil","item":"https:\/\/angeleluccatio.fr\/"},{"@type":"ListItem","position":2,"name":"Mentions l\u00e9gales et politiques de confidentialit\u00e9"}]},{"@type":"WebSite","@id":"https:\/\/angeleluccatio.fr\/#website","url":"https:\/\/angeleluccatio.fr\/","name":"Ang\u00e8le Luccatio Design Studio","description":"Nous racontons graphiquement vos histoires","publisher":{"@id":"https:\/\/angeleluccatio.fr\/#\/schema\/person\/22a7c50f348698462d23730c59ff9839"},"potentialAction":[{"@type":"SearchAction","target":{"@type":"EntryPoint","urlTemplate":"https:\/\/angeleluccatio.fr\/?s={search_term_string}"},"query-input":{"@type":"PropertyValueSpecification","valueRequired":true,"valueName":"search_term_string"}}],"inLanguage":"fr-FR"},{"@type":["Person","Organization"],"@id":"https:\/\/angeleluccatio.fr\/#\/schema\/person\/22a7c50f348698462d23730c59ff9839","name":"admin9796","image":{"@type":"ImageObject","inLanguage":"fr-FR","@id":"https:\/\/angeleluccatio.fr\/wp-content\/uploads\/2026\/01\/cropped-LOGOTYPES-ANGELE-LUCCATIO-DESIGN-STUDIO-104-scaled-1.png","url":"https:\/\/angeleluccatio.fr\/wp-content\/uploads\/2026\/01\/cropped-LOGOTYPES-ANGELE-LUCCATIO-DESIGN-STUDIO-104-scaled-1.png","contentUrl":"https:\/\/angeleluccatio.fr\/wp-content\/uploads\/2026\/01\/cropped-LOGOTYPES-ANGELE-LUCCATIO-DESIGN-STUDIO-104-scaled-1.png","width":2558,"height":702,"caption":"admin9796"},"logo":{"@id":"https:\/\/angeleluccatio.fr\/wp-content\/uploads\/2026\/01\/cropped-LOGOTYPES-ANGELE-LUCCATIO-DESIGN-STUDIO-104-scaled-1.png"},"sameAs":["http:\/\/angeleluccatio.fr"]}]}},"_links":{"self":[{"href":"https:\/\/angeleluccatio.fr\/index.php\/wp-json\/wp\/v2\/pages\/19","targetHints":{"allow":["GET"]}}],"collection":[{"href":"https:\/\/angeleluccatio.fr\/index.php\/wp-json\/wp\/v2\/pages"}],"about":[{"href":"https:\/\/angeleluccatio.fr\/index.php\/wp-json\/wp\/v2\/types\/page"}],"author":[{"embeddable":true,"href":"https:\/\/angeleluccatio.fr\/index.php\/wp-json\/wp\/v2\/users\/1"}],"replies":[{"embeddable":true,"href":"https:\/\/angeleluccatio.fr\/index.php\/wp-json\/wp\/v2\/comments?post=19"}],"version-history":[{"count":12,"href":"https:\/\/angeleluccatio.fr\/index.php\/wp-json\/wp\/v2\/pages\/19\/revisions"}],"predecessor-version":[{"id":1502,"href":"https:\/\/angeleluccatio.fr\/index.php\/wp-json\/wp\/v2\/pages\/19\/revisions\/1502"}],"wp:attachment":[{"href":"https:\/\/angeleluccatio.fr\/index.php\/wp-json\/wp\/v2\/media?parent=19"}],"curies":[{"name":"wp","href":"https:\/\/api.w.org\/{rel}","templated":true}]}}